{"id":33,"date":"2025-04-23T12:05:06","date_gmt":"2025-04-23T12:05:06","guid":{"rendered":"https:\/\/lelekpad.hu\/?page_id=33"},"modified":"2025-10-23T07:29:51","modified_gmt":"2025-10-23T07:29:51","slug":"lelekpad-2","status":"publish","type":"page","link":"https:\/\/lelekpad.hu\/?page_id=33","title":{"rendered":"L\u00e9lekpad"},"content":{"rendered":"\n<p>Egy hely, ahol \u00f6nmagad lehetsz! <\/p>\n\n\n\n<p><strong>Minden h\u00f3nap els\u0151 cs\u00fct\u00f6rt\u00f6kj\u00e9n 18 \u00f3r\u00e1t\u00f3l<\/strong> sok szeretettel v\u00e1rlak titeket a Buda\u00f6rsi Tanod\u00e1ba (2040 Buda\u00f6rs Farkasr\u00e9ti \u00fat 6\/A)!<\/p>\n\n\n\n<p>Ismerj\u00e9tek meg \u00f6nmagatokat egy kicsit jobban! <\/p>\n\n\n\n<figure class=\"wp-block-image size-large\"><img loading=\"lazy\" decoding=\"async\" width=\"1024\" height=\"576\" src=\"https:\/\/lelekpad.hu\/wp-content\/uploads\/2025\/08\/lelekapda.hu-3-1024x576.png\" alt=\"\" class=\"wp-image-209\" srcset=\"https:\/\/lelekpad.hu\/wp-content\/uploads\/2025\/08\/lelekapda.hu-3-1024x576.png 1024w, https:\/\/lelekpad.hu\/wp-content\/uploads\/2025\/08\/lelekapda.hu-3-300x169.png 300w, https:\/\/lelekpad.hu\/wp-content\/uploads\/2025\/08\/lelekapda.hu-3-768x432.png 768w, https:\/\/lelekpad.hu\/wp-content\/uploads\/2025\/08\/lelekapda.hu-3-1536x864.png 1536w, https:\/\/lelekpad.hu\/wp-content\/uploads\/2025\/08\/lelekapda.hu-3.png 1920w\" sizes=\"auto, (max-width: 1024px) 100vw, 1024px\" \/><\/figure>\n\n\n\n<p><strong>Tapasztalatok:<\/strong><\/p>\n\n\n\n<p>A <strong>M\u00c1SODIK L\u00c9LEKPAD<\/strong> is organikusan alakul\u00f3 t\u00e9m\u00e1ba bomlott ki: nem vagyok el\u00e9g \u2013 megfelelni<br>Augusztus els\u0151 cs\u00fct\u00f6rt\u00f6k\u00e9n lement a m\u00e1sodik L\u00e9lekPad csoport \u00fcl\u00e9s. <\/p>\n\n\n\n<p>A spont\u00e1n szervez\u0151d\u0151 t\u00e9rben a csoporttagok aktu\u00e1lis meg\u00e9l\u00e9seib\u0151l kibontakozik a kollekt\u00edvan hordozott t\u00e9ma. Az els\u0151 f\u00e9l \u00f3r\u00e1ban l\u00e1tsz\u00f3lag k\u00fcl\u00f6nb\u00f6z\u0151 nem\u0171, kor\u00fa \u00e9s habitus\u00fa emberek egy teremben k\u00fcl\u00f6nb\u00f6z\u0151 pillanatnyi \u00e1llapotokat osztanak meg. <\/p>\n\n\n\n<p>Egyre m\u00e9ly\u00fclnek ezek a megoszt\u00e1sok arr\u00f3l, ki miben van \u00e9ppen \u00e9lete ter\u00fcletein. Azt\u00e1n az els\u0151 igaz\u00e1n neh\u00e9z tapasztal\u00e1s megfogalmaz\u00e1sa, megh\u00edvja a jelenl\u00e9v\u0151kben az erre r\u00e1\u00e9p\u00fcl\u0151 saj\u00e1t \u00e9lm\u00e9ny\u00fcket. \u00edgy v\u00e1lt a <em>\u201enem vagyok el\u00e9g\u201d <\/em>\u00e9s a <em>\u201emegfelel\u00e9s m\u00e1snak vagy magamnak\u201d<\/em> az elm\u00falt csoport \u00fcl\u00e9s\u00fcnk t\u00e9m\u00e1j\u00e1v\u00e1. Gy\u00f6ny\u00f6r\u0171 \u00e9lm\u00e9ny a folyamat vezet\u0151jek\u00e9nt l\u00e1tni, hogy lesz a sok k\u00fcl\u00f6nb\u00f6z\u0151b\u0151l ugyanannak az egynek a vet\u00fclete.<br>N\u00e9ha \u00e9pp a k\u00fcl\u00f6nb\u00f6z\u0151 szeml\u00e9let\u00fcnk adhat a m\u00e1siknak inspir\u00e1ci\u00f3t a v\u00e1ltoz\u00e1sra.<br>K\u00f6sz\u00f6n\u00f6m a r\u00e9sztvev\u0151knek, hogy jelenl\u00e9t\u00fckkel l\u00e9tre h\u00edvt\u00e1k ezt a tapasztal\u00e1st. <\/p>\n\n\n\n<p><\/p>\n","protected":false},"excerpt":{"rendered":"<p>Egy hely, ahol \u00f6nmagad lehetsz! Minden h\u00f3nap els\u0151 cs\u00fct\u00f6rt\u00f6kj\u00e9n 18 \u00f3r\u00e1t\u00f3l sok szeretettel [&hellip;]<\/p>\n","protected":false},"author":1,"featured_media":21,"parent":0,"menu_order":0,"comment_status":"closed","ping_status":"closed","template":"","meta":{"footnotes":""},"class_list":["post-33","page","type-page","status-publish","has-post-thumbnail","hentry"],"_links":{"self":[{"href":"https:\/\/lelekpad.hu\/index.php?rest_route=\/wp\/v2\/pages\/33","targetHints":{"allow":["GET"]}}],"collection":[{"href":"https:\/\/lelekpad.hu\/index.php?rest_route=\/wp\/v2\/pages"}],"about":[{"href":"https:\/\/lelekpad.hu\/index.php?rest_route=\/wp\/v2\/types\/page"}],"author":[{"embeddable":true,"href":"https:\/\/lelekpad.hu\/index.php?rest_route=\/wp\/v2\/users\/1"}],"replies":[{"embeddable":true,"href":"https:\/\/lelekpad.hu\/index.php?rest_route=%2Fwp%2Fv2%2Fcomments&post=33"}],"version-history":[{"count":9,"href":"https:\/\/lelekpad.hu\/index.php?rest_route=\/wp\/v2\/pages\/33\/revisions"}],"predecessor-version":[{"id":235,"href":"https:\/\/lelekpad.hu\/index.php?rest_route=\/wp\/v2\/pages\/33\/revisions\/235"}],"wp:featuredmedia":[{"embeddable":true,"href":"https:\/\/lelekpad.hu\/index.php?rest_route=\/wp\/v2\/media\/21"}],"wp:attachment":[{"href":"https:\/\/lelekpad.hu\/index.php?rest_route=%2Fwp%2Fv2%2Fmedia&parent=33"}],"curies":[{"name":"wp","href":"https:\/\/api.w.org\/{rel}","templated":true}]}}