{"id":219,"date":"2025-10-23T06:57:05","date_gmt":"2025-10-23T06:57:05","guid":{"rendered":"https:\/\/lelekpad.hu\/?page_id=219"},"modified":"2025-11-27T11:29:29","modified_gmt":"2025-11-27T11:29:29","slug":"arak","status":"publish","type":"page","link":"https:\/\/lelekpad.hu\/?page_id=219","title":{"rendered":"\u00c1rak"},"content":{"rendered":"\n<p><strong>Egy\u00e9ni \u00fcl\u00e9sek:<\/strong> 19 000 Ft\/ f\u0151           <strong>70 perc<\/strong><\/p>\n\n\n\n<p><strong>Ut\u00e1nk\u00f6vet\u00e9s r\u00e9gi klienseknek<\/strong>: 10 000 Ft \/ f\u0151 \/ \u00f3ra         <strong> 70 perc<\/strong><\/p>\n\n\n\n<p>Tematikus <strong>csoportnapok (10-t\u0151l 17-ig): <\/strong>13 000 Ft \u00e9s 23 000 Ft k\u00f6z\u00f6tt          <strong>6-7 \u00f3ra<\/strong><\/p>\n\n\n\n<p><strong>L\u00c9LEKPAD nyitott csoport:<\/strong> Minden h\u00f3nap els\u0151 cs\u00fct\u00f6rt\u00f6k\u00e9n ingyenes  (Helysz\u00edn: Buda\u00f6rs, Farkasr\u00e9ti \u00fat 6\/A)<\/p>\n\n\n\n<p><\/p>\n","protected":false},"excerpt":{"rendered":"<p>Egy\u00e9ni \u00fcl\u00e9sek: 19 000 Ft\/ f\u0151 70 perc Ut\u00e1nk\u00f6vet\u00e9s r\u00e9gi klienseknek: 10 000 [&hellip;]<\/p>\n","protected":false},"author":1,"featured_media":0,"parent":0,"menu_order":0,"comment_status":"closed","ping_status":"closed","template":"","meta":{"footnotes":""},"class_list":["post-219","page","type-page","status-publish","hentry"],"_links":{"self":[{"href":"https:\/\/lelekpad.hu\/index.php?rest_route=\/wp\/v2\/pages\/219","targetHints":{"allow":["GET"]}}],"collection":[{"href":"https:\/\/lelekpad.hu\/index.php?rest_route=\/wp\/v2\/pages"}],"about":[{"href":"https:\/\/lelekpad.hu\/index.php?rest_route=\/wp\/v2\/types\/page"}],"author":[{"embeddable":true,"href":"https:\/\/lelekpad.hu\/index.php?rest_route=\/wp\/v2\/users\/1"}],"replies":[{"embeddable":true,"href":"https:\/\/lelekpad.hu\/index.php?rest_route=%2Fwp%2Fv2%2Fcomments&post=219"}],"version-history":[{"count":4,"href":"https:\/\/lelekpad.hu\/index.php?rest_route=\/wp\/v2\/pages\/219\/revisions"}],"predecessor-version":[{"id":238,"href":"https:\/\/lelekpad.hu\/index.php?rest_route=\/wp\/v2\/pages\/219\/revisions\/238"}],"wp:attachment":[{"href":"https:\/\/lelekpad.hu\/index.php?rest_route=%2Fwp%2Fv2%2Fmedia&parent=219"}],"curies":[{"name":"wp","href":"https:\/\/api.w.org\/{rel}","templated":true}]}}